{"id":402,"date":"2022-06-10T08:40:50","date_gmt":"2022-06-10T15:40:50","guid":{"rendered":"https:\/\/lucerowellbeing.com\/?page_id=402"},"modified":"2022-10-06T14:19:54","modified_gmt":"2022-10-06T21:19:54","slug":"career-coaching","status":"publish","type":"page","link":"https:\/\/lucerowellbeing.com\/es\/services\/career-coaching","title":{"rendered":"Career Coaching"},"content":{"rendered":"<p><div class=\"fusion-fullwidth fullwidth-box fusion-builder-row-1 fusion-flex-container nonhundred-percent-fullwidth non-hundred-percent-height-scrolling\" style=\"--awb-border-radius-top-left:0px;--awb-border-radius-top-right:0px;--awb-border-radius-bottom-right:0px;--awb-border-radius-bottom-left:0px;--awb-padding-top:70px;--awb-padding-bottom:75px;--awb-padding-top-medium:45px;--awb-padding-bottom-medium:20px;--awb-background-color:#fdfbf5;--awb-flex-wrap:wrap;\" ><div class=\"fusion-builder-row fusion-row fusion-flex-align-items-flex-start fusion-flex-justify-content-center fusion-flex-content-wrap\" style=\"max-width:1248px;margin-left: calc(-4% \/ 2 );margin-right: calc(-4% \/ 2 );\"><div class=\"fusion-layout-column fusion_builder_column fusion-builder-column-0 fusion_builder_column_2_3 2_3 fusion-flex-column fusion-animated\" style=\"--awb-bg-size:cover;--awb-width-large:66.666666666667%;--awb-margin-top-large:0px;--awb-spacing-right-large:2.88%;--awb-margin-bottom-large:20px;--awb-spacing-left-large:2.88%;--awb-width-medium:100%;--awb-order-medium:0;--awb-spacing-right-medium:1.92%;--awb-spacing-left-medium:1.92%;--awb-width-small:100%;--awb-order-small:0;--awb-spacing-right-small:1.92%;--awb-spacing-left-small:1.92%;\" data-animationType=\"fadeInLeft\" data-animationDuration=\"2.0\" data-animationOffset=\"top-into-view\"><div class=\"fusion-column-wrapper fusion-column-has-shadow fusion-flex-justify-content-flex-start fusion-content-layout-column\"><div class=\"fusion-title title fusion-title-1 fusion-sep-none fusion-title-text fusion-title-size-one\" style=\"--awb-margin-bottom:0px;--awb-margin-top-small:0px;--awb-margin-right-small:0px;--awb-margin-bottom-small:0px;--awb-margin-left-small:0px;--awb-font-size:65px;\"><h1 class=\"fusion-title-heading title-heading-left md-text-align-center sm-text-align-center fusion-responsive-typography-calculated\" style=\"margin:0;font-size:1em;--fontSize:65;line-height:1;\">Entrenamiento de Carrera<\/h1><\/div><div class=\"fusion-title title fusion-title-2 fusion-sep-none fusion-title-text fusion-title-size-three\" style=\"--awb-margin-top-small:0px;--awb-margin-right-small:0px;--awb-margin-bottom-small:15px;--awb-margin-left-small:0px;\"><h3 class=\"fusion-title-heading title-heading-left md-text-align-center sm-text-align-center fusion-responsive-typography-calculated\" style=\"font-family:&quot;Open Sans&quot;;font-style:normal;font-weight:400;margin:0;--fontSize:28;--minFontSize:28;line-height:1;\">De su pr\u00f3ximo paso<\/h3><\/div><div class=\"fusion-separator fusion-no-small-visibility fusion-no-medium-visibility\" style=\"align-self: flex-start;margin-right:auto;margin-top:5px;margin-bottom:15px;width:100%;max-width:180px;\"><div class=\"fusion-separator-border sep-single sep-solid\" style=\"--awb-height:20px;--awb-amount:20px;--awb-sep-color:#f9c313;border-color:#f9c313;border-top-width:3px;\"><\/div><\/div><div class=\"fusion-separator fusion-no-large-visibility\" style=\"align-self: center;margin-left: auto;margin-right: auto;margin-top:5px;margin-bottom:15px;width:100%;max-width:180px;\"><div class=\"fusion-separator-border sep-single sep-solid\" style=\"--awb-height:20px;--awb-amount:20px;--awb-sep-color:#f9c313;border-color:#f9c313;border-top-width:3px;\"><\/div><\/div><div class=\"fusion-text fusion-text-1 md-text-align-center sm-text-align-center\" style=\"--awb-font-size:20px;--awb-text-font-family:&quot;Open Sans&quot;;--awb-text-font-style:normal;--awb-text-font-weight:400;\"><p><span style=\"font-weight: 400;\">\u00bf<\/span><span style=\"font-weight: 400;\">Est<\/span><span style=\"font-weight: 400;\">\u00e1<\/span><span style=\"font-weight: 400;\"> usted<\/span><span style=\"font-weight: 400;\"> buscando trabajo, considerando un cambio de carrera importante, o buscando asesoramiento sobre su puesto actual? No importa d\u00f3nde se encuentre en su viaje profesional<\/span><span style=\"font-weight: 400;\">. Nos<\/span><span style=\"font-weight: 400;\"> encantar\u00eda acompa\u00f1arlo y brindarle respuestas sinceras a sus preguntas relacionadas con la carrera. Con d\u00e9cadas de experiencia ejecutiva, conocemos bien c\u00f3mo funciona el mundo corporativo y como <\/span><span style=\"font-weight: 400;\">poder<\/span><span style=\"font-weight: 400;\"> hacer que funcione para usted.\u00a0\u00a0<\/span><\/p>\n<p><span style=\"font-weight: 400;\">Merece<\/span><span style=\"font-weight: 400;\"> conocer sus derechos como empleado y aprovecharlos al m\u00e1ximo<\/span><span style=\"font-weight: 400;\">; el ambiente corporativo puede ser abrumador y dif\u00edcil de navegar. <\/span><span style=\"font-weight: 400;\">Es por eso que tambi\u00e9n ofrecemos orientaci\u00f3n a las personas\u00a0 que buscan entender sus protecciones como la ADA, las pol\u00edticas de la empresa, y los problemas de recursos humanos o laborales. <\/span><span style=\"font-weight: 400;\">Reserve<\/span><span style=\"font-weight: 400;\"> una cita con un entrenador de carrera hoy.<\/span><\/p>\n<\/div><div class=\"md-text-align-center sm-text-align-center\"><a class=\"fusion-button button-flat fusion-button-default-size button-default fusion-button-default button-1 fusion-button-default-span fusion-button-default-type\" style=\"--button_margin-top:10px;\" target=\"_self\" href=\"https:\/\/lucerowellbeing.com\/contact\"><span class=\"fusion-button-text awb-button__text awb-button__text--default\">Cont\u00e1ctenos<\/span><\/a><\/div><\/div><\/div><div class=\"fusion-layout-column fusion_builder_column fusion-builder-column-1 fusion_builder_column_1_3 1_3 fusion-flex-column fusion-animated subpage_sidebar\" style=\"--awb-padding-left:30px;--awb-padding-top-medium:20px;--awb-padding-left-medium:0px;--awb-bg-size:cover;--awb-border-color:#ede8da;--awb-border-left:2px;--awb-border-style:solid;--awb-width-large:33.333333333333%;--awb-margin-top-large:0px;--awb-spacing-right-large:5.76%;--awb-margin-bottom-large:20px;--awb-spacing-left-large:5.76%;--awb-width-medium:100%;--awb-order-medium:0;--awb-spacing-right-medium:1.92%;--awb-spacing-left-medium:1.92%;--awb-width-small:100%;--awb-order-small:0;--awb-spacing-right-small:1.92%;--awb-spacing-left-small:1.92%;\" data-animationType=\"fadeInRight\" data-animationDuration=\"2.0\" data-animationOffset=\"top-into-view\" id=\"contact_link\"><div class=\"fusion-column-wrapper fusion-column-has-shadow fusion-flex-justify-content-flex-start fusion-content-layout-column\"><div class=\"fusion-image-element md-text-align-center sm-text-align-center\" style=\"--awb-margin-bottom:24px;--awb-margin-bottom-small:24px;--awb-max-width:290px;--awb-caption-title-font-family:var(--h2_typography-font-family);--awb-caption-title-font-weight:var(--h2_typography-font-weight);--awb-caption-title-font-style:var(--h2_typography-font-style);--awb-caption-title-size:var(--h2_typography-font-size);--awb-caption-title-transform:var(--h2_typography-text-transform);--awb-caption-title-line-height:var(--h2_typography-line-height);--awb-caption-title-letter-spacing:var(--h2_typography-letter-spacing);\"><span class=\" fusion-imageframe imageframe-none imageframe-1 hover-type-none\"><img decoding=\"async\" width=\"580\" height=\"188\" alt=\"Lucero Wellbeing Logo\" title=\"sticky logo 580 2\" src=\"https:\/\/lucerowellbeing.com\/wp-content\/uploads\/2022\/06\/sticky-logo-580-2.png\" class=\"img-responsive wp-image-349\" srcset=\"https:\/\/lucerowellbeing.com\/wp-content\/uploads\/2022\/06\/sticky-logo-580-2-200x65.png 200w, https:\/\/lucerowellbeing.com\/wp-content\/uploads\/2022\/06\/sticky-logo-580-2-400x130.png 400w, https:\/\/lucerowellbeing.com\/wp-content\/uploads\/2022\/06\/sticky-logo-580-2.png 580w\" sizes=\"(max-width: 900px) 100vw, (max-width: 900px) 100vw, 400px\" \/><\/span><\/div><div class=\"fusion-title title fusion-title-3 fusion-sep-none fusion-title-text fusion-title-size-four\" style=\"--awb-margin-bottom:8px;--awb-margin-top-small:0px;--awb-margin-right-small:0px;--awb-margin-bottom-small:8px;--awb-margin-left-small:0px;\"><h4 class=\"fusion-title-heading title-heading-left md-text-align-center sm-text-align-center fusion-responsive-typography-calculated\" style=\"margin:0;--fontSize:35;line-height:1;\">Contacto<\/h4><\/div><div class=\"fusion-text fusion-text-2 md-text-align-center sm-text-align-center fusion-text-no-margin\" style=\"--awb-margin-bottom:8px;\"><p>10161 W Park Run Dr Ste 150<br \/>\nLas Vegas, NV 89145<\/p>\n<\/div><div class=\"fusion-text fusion-text-3 md-text-align-center sm-text-align-center fusion-text-no-margin\" style=\"--awb-margin-bottom:8px;\"><p><span class=\"sidebar_email\"><a href=\"javascript:secureDecryptAndNavigate('cJDCj1tara\/Dj12mDc0JqMI2aKv8wX2p00U98arc9CLusKGFyMzCg9pLcbQ9RDWO1DmDST5zJMz11gZy6V+YnxEMmPw9YdwxjT3K940oz5nDCBHl2xk=', '7aca9d7077ee2fa8d8c58fbdce3c74b3b628862f1448dc558a0135ea8556e45d')\">&#100;rluzro&#98;&#108;e&#115;&#64;&#108;&#117;c&#101;r&#111;&#119;&#101;l&#108;&#98;eing.c&#111;m<\/a><\/span><br \/>\n<a href=\"tel:2132593404\">(213) 259-3404<\/a><\/p>\n<\/div><div class=\"fusion-social-links fusion-social-links-1\" style=\"--awb-margin-top:15px;--awb-margin-right:0px;--awb-margin-bottom:15px;--awb-margin-left:0px;--awb-box-border-top:0px;--awb-box-border-right:0px;--awb-box-border-bottom:0px;--awb-box-border-left:0px;--awb-icon-colors-hover:rgba(190,189,189,0.8);--awb-box-colors-hover:rgba(232,232,232,0.8);--awb-box-border-color:var(--awb-color3);--awb-box-border-color-hover:var(--awb-color4);\"><div class=\"fusion-social-networks color-type-custom\"><div class=\"fusion-social-networks-wrapper\"><a class=\"fusion-social-network-icon fusion-tooltip fusion-facebook awb-icon-facebook\" style=\"color:#bebdbd;font-size:16px;\" data-placement=\"top\" data-title=\"Facebook\" data-toggle=\"tooltip\" title=\"Facebook\" aria-label=\"facebook\" target=\"_blank\" rel=\"noopener noreferrer\" href=\"https:\/\/www.facebook.com\/lucerowellbeing\/\"><\/a><a class=\"fusion-social-network-icon fusion-tooltip fusion-instagram awb-icon-instagram\" style=\"color:#bebdbd;font-size:16px;\" data-placement=\"top\" data-title=\"Instagram\" data-toggle=\"tooltip\" title=\"Instagram\" aria-label=\"instagram\" target=\"_blank\" rel=\"noopener noreferrer\" href=\"https:\/\/www.instagram.com\/lucerowellbeing\/\"><\/a><a class=\"fusion-social-network-icon fusion-tooltip fusion-linkedin awb-icon-linkedin\" style=\"color:#bebdbd;font-size:16px;\" data-placement=\"top\" data-title=\"LinkedIn\" data-toggle=\"tooltip\" title=\"LinkedIn\" aria-label=\"linkedin\" target=\"_blank\" rel=\"noopener noreferrer\" href=\"https:\/\/www.linkedin.com\/company\/lucero-wellbeing\/\"><\/a><\/div><\/div><\/div><\/div><\/div><\/div><\/div><div class=\"fusion-fullwidth fullwidth-box fusion-builder-row-2 fusion-flex-container fusion-parallax-none nonhundred-percent-fullwidth non-hundred-percent-height-scrolling\" style=\"--awb-border-radius-top-left:0px;--awb-border-radius-top-right:0px;--awb-border-radius-bottom-right:0px;--awb-border-radius-bottom-left:0px;--awb-padding-top:100px;--awb-padding-bottom:80px;--awb-padding-top-medium:45px;--awb-padding-bottom-medium:50px;--awb-background-image:url(&quot;https:\/\/lucerowellbeing.com\/wp-content\/uploads\/2022\/06\/background-image-cta-2.jpg&quot;);--awb-background-size:cover;--awb-flex-wrap:wrap;\" id=\"cta_strip\" ><div class=\"fusion-builder-row fusion-row fusion-flex-align-items-flex-start fusion-flex-justify-content-center fusion-flex-content-wrap\" style=\"max-width:1248px;margin-left: calc(-4% \/ 2 );margin-right: calc(-4% \/ 2 );\"><div class=\"fusion-layout-column fusion_builder_column fusion-builder-column-2 fusion_builder_column_3_4 3_4 fusion-flex-column fusion-animated\" style=\"--awb-bg-size:cover;--awb-width-large:75%;--awb-margin-top-large:0px;--awb-spacing-right-large:2.56%;--awb-margin-bottom-large:20px;--awb-spacing-left-large:2.56%;--awb-width-medium:100%;--awb-order-medium:0;--awb-spacing-right-medium:1.92%;--awb-spacing-left-medium:1.92%;--awb-width-small:100%;--awb-order-small:0;--awb-spacing-right-small:1.92%;--awb-spacing-left-small:1.92%;\" data-animationType=\"fadeInUp\" data-animationDuration=\"2.0\" data-animationOffset=\"top-into-view\"><div class=\"fusion-column-wrapper fusion-column-has-shadow fusion-flex-justify-content-flex-start fusion-content-layout-column\"><div class=\"fusion-title title fusion-title-4 fusion-sep-none fusion-title-center fusion-title-text fusion-title-size-two\" style=\"--awb-margin-bottom:10px;--awb-margin-top-small:0px;--awb-margin-right-small:0px;--awb-margin-bottom-small:10px;--awb-margin-left-small:0px;\"><h2 class=\"fusion-title-heading title-heading-center fusion-responsive-typography-calculated\" style=\"margin:0;--fontSize:58;line-height:1;\">Reserve una cita<\/h2><\/div><div class=\"fusion-title title fusion-title-5 fusion-sep-none fusion-title-center fusion-title-text fusion-title-size-three\" style=\"--awb-margin-top-small:0px;--awb-margin-right-small:0px;--awb-margin-bottom-small:15px;--awb-margin-left-small:0px;\"><h3 class=\"fusion-title-heading title-heading-center fusion-responsive-typography-calculated\" style=\"font-family:&quot;Open Sans&quot;;font-style:normal;font-weight:400;margin:0;--fontSize:28;--minFontSize:28;line-height:1;\">PARA REUNIRSE CON UN PROFESIONAL<\/h3><\/div><div class=\"fusion-separator\" style=\"align-self: center;margin-left: auto;margin-right: auto;margin-top:5px;margin-bottom:15px;width:100%;max-width:180px;\"><div class=\"fusion-separator-border sep-single sep-solid\" style=\"--awb-height:20px;--awb-amount:20px;--awb-sep-color:#f9c313;border-color:#f9c313;border-top-width:3px;\"><\/div><\/div><div class=\"fusion-text fusion-text-4\" style=\"--awb-content-alignment:center;--awb-font-size:20px;--awb-text-font-family:&quot;Open Sans&quot;;--awb-text-font-style:normal;--awb-text-font-weight:400;\"><p><span style=\"font-weight: 400;\">Su salud mental nos importa<\/span><span style=\"font-weight: 400;\">. Si est\u00e1 listo para hacer de su bienestar una prioridad<\/span><span style=\"font-weight: 400;\">; <\/span><span style=\"font-weight: 400;\">nos encantar\u00eda que nos contactara. <\/span><span style=\"font-weight: 400;\">Y de esta manera<\/span><span style=\"font-weight: 400;\"> dar el primer paso hacia un ma\u00f1ana m\u00e1s brillante <\/span><span style=\"font-weight: 400;\">y llena de esperanza<\/span><span style=\"font-weight: 400;\">. \u00a1Reserve una cita hoy <\/span><span style=\"font-weight: 400;\">mismo<\/span><span style=\"font-weight: 400;\">!<\/span><\/p>\n<\/div><!-- Start SimplePractice Appointment-Request Widget Embed Code -->\n\n<style>.spwidget-button-wrapper{text-align: center}.spwidget-button{display: inline-block;padding: 12px 30px 12px 32px;color: #f4f2e9 !important;background: #33b2a3;border: 3px solid #33b2a3;border-radius: 50px;font-size: 17px;font-weight: 500;text-decoration: none;text-transform: uppercase !important;letter-spacing: 2px !important;line-height:17px !important;    font-family: \"Open Sans\", sans-serif !important;}.spwidget-button:hover{background: rgb(255 255 255 \/ 0%) !important; color: #33b2a3 !important;}<\/style>\n\n<div class=\"spwidget-button-wrapper\"><a href=\"https:\/\/drluzrobles.clientsecure.me\" class=\"spwidget-button\" data-spwidget-scope-id=\"ee76710f-9e1b-4744-9a70-11ce6aede242\" data-spwidget-scope-uri=\"drluzrobles\" data-spwidget-application-id=\"7c72cb9f9a9b913654bb89d6c7b4e71a77911b30192051da35384b4d0c6d505b\" data-spwidget-scope-global data-spwidget-autobind>Solicitar Cita<\/a><\/div>\n\n<script src=\"https:\/\/widget-cdn.simplepractice.com\/assets\/integration-1.0.js\"><\/script>\n\n<!-- End SimplePractice Appointment-Request Widget Embed Code --><\/div><\/div><\/div><\/div><\/p>\n","protected":false},"excerpt":{"rendered":"","protected":false},"author":2,"featured_media":340,"parent":396,"menu_order":0,"comment_status":"closed","ping_status":"closed","template":"100-width.php","meta":{"footnotes":""},"class_list":["post-402","page","type-page","status-publish","has-post-thumbnail","hentry"],"yoast_head":"<!-- This site is optimized with the Yoast SEO plugin v27.1.1 - https:\/\/yoast.com\/product\/yoast-seo-wordpress\/ -->\n<title>Career Coaching - Lucero Wellbeing<\/title>\n<meta name=\"robots\" content=\"index, follow, max-snippet:-1, max-image-preview:large, max-video-preview:-1\" \/>\n<link rel=\"canonical\" href=\"https:\/\/lucerowellbeing.com\/es\/services\/career-coaching\" \/>\n<meta property=\"og:locale\" content=\"es_ES\" \/>\n<meta property=\"og:type\" content=\"article\" \/>\n<meta property=\"og:title\" content=\"Career Coaching - Lucero Wellbeing\" \/>\n<meta property=\"og:url\" content=\"https:\/\/lucerowellbeing.com\/es\/services\/career-coaching\" \/>\n<meta property=\"og:site_name\" content=\"Lucero Wellbeing\" \/>\n<meta property=\"article:modified_time\" content=\"2022-10-06T21:19:54+00:00\" \/>\n<meta property=\"og:image\" content=\"https:\/\/lucerowellbeing.com\/wp-content\/uploads\/2022\/06\/lucero-wellbeing-career-coaching.png\" \/>\n\t<meta property=\"og:image:width\" content=\"455\" \/>\n\t<meta property=\"og:image:height\" content=\"455\" \/>\n\t<meta property=\"og:image:type\" content=\"image\/png\" \/>\n<meta name=\"twitter:card\" content=\"summary_large_image\" \/>\n<meta name=\"twitter:label1\" content=\"Tiempo de lectura\" \/>\n\t<meta name=\"twitter:data1\" content=\"6 minutos\" \/>\n<script type=\"application\/ld+json\" class=\"yoast-schema-graph\">{\"@context\":\"https:\/\/schema.org\",\"@graph\":[{\"@type\":\"WebPage\",\"@id\":\"https:\/\/lucerowellbeing.com\/es\/services\/career-coaching\",\"url\":\"https:\/\/lucerowellbeing.com\/es\/services\/career-coaching\",\"name\":\"Career Coaching - Lucero Wellbeing\",\"isPartOf\":{\"@id\":\"https:\/\/lucerowellbeing.com\/#website\"},\"primaryImageOfPage\":{\"@id\":\"https:\/\/lucerowellbeing.com\/es\/services\/career-coaching#primaryimage\"},\"image\":{\"@id\":\"https:\/\/lucerowellbeing.com\/es\/services\/career-coaching#primaryimage\"},\"thumbnailUrl\":\"https:\/\/lucerowellbeing.com\/wp-content\/uploads\/2022\/06\/lucero-wellbeing-career-coaching.png\",\"datePublished\":\"2022-06-10T15:40:50+00:00\",\"dateModified\":\"2022-10-06T21:19:54+00:00\",\"breadcrumb\":{\"@id\":\"https:\/\/lucerowellbeing.com\/es\/services\/career-coaching#breadcrumb\"},\"inLanguage\":\"es\",\"potentialAction\":[{\"@type\":\"ReadAction\",\"target\":[\"https:\/\/lucerowellbeing.com\/es\/services\/career-coaching\"]}]},{\"@type\":\"ImageObject\",\"inLanguage\":\"es\",\"@id\":\"https:\/\/lucerowellbeing.com\/es\/services\/career-coaching#primaryimage\",\"url\":\"https:\/\/lucerowellbeing.com\/wp-content\/uploads\/2022\/06\/lucero-wellbeing-career-coaching.png\",\"contentUrl\":\"https:\/\/lucerowellbeing.com\/wp-content\/uploads\/2022\/06\/lucero-wellbeing-career-coaching.png\",\"width\":455,\"height\":455,\"caption\":\"Professional Coach\"},{\"@type\":\"BreadcrumbList\",\"@id\":\"https:\/\/lucerowellbeing.com\/es\/services\/career-coaching#breadcrumb\",\"itemListElement\":[{\"@type\":\"ListItem\",\"position\":1,\"name\":\"Home\",\"item\":\"https:\/\/lucerowellbeing.com\/es\"},{\"@type\":\"ListItem\",\"position\":2,\"name\":\"Services\",\"item\":\"https:\/\/lucerowellbeing.com\/es\/services\"},{\"@type\":\"ListItem\",\"position\":3,\"name\":\"Career Coaching\"}]},{\"@type\":\"WebSite\",\"@id\":\"https:\/\/lucerowellbeing.com\/#website\",\"url\":\"https:\/\/lucerowellbeing.com\/\",\"name\":\"Lucero Wellbeing\",\"description\":\"\",\"potentialAction\":[{\"@type\":\"SearchAction\",\"target\":{\"@type\":\"EntryPoint\",\"urlTemplate\":\"https:\/\/lucerowellbeing.com\/?s={search_term_string}\"},\"query-input\":{\"@type\":\"PropertyValueSpecification\",\"valueRequired\":true,\"valueName\":\"search_term_string\"}}],\"inLanguage\":\"es\"}]}<\/script>\n<!-- \/ Yoast SEO plugin. -->","yoast_head_json":{"title":"Career Coaching - Lucero Wellbeing","robots":{"index":"index","follow":"follow","max-snippet":"max-snippet:-1","max-image-preview":"max-image-preview:large","max-video-preview":"max-video-preview:-1"},"canonical":"https:\/\/lucerowellbeing.com\/es\/services\/career-coaching","og_locale":"es_ES","og_type":"article","og_title":"Career Coaching - Lucero Wellbeing","og_url":"https:\/\/lucerowellbeing.com\/es\/services\/career-coaching","og_site_name":"Lucero Wellbeing","article_modified_time":"2022-10-06T21:19:54+00:00","og_image":[{"width":455,"height":455,"url":"https:\/\/lucerowellbeing.com\/wp-content\/uploads\/2022\/06\/lucero-wellbeing-career-coaching.png","type":"image\/png"}],"twitter_card":"summary_large_image","twitter_misc":{"Tiempo de lectura":"6 minutos"},"schema":{"@context":"https:\/\/schema.org","@graph":[{"@type":"WebPage","@id":"https:\/\/lucerowellbeing.com\/es\/services\/career-coaching","url":"https:\/\/lucerowellbeing.com\/es\/services\/career-coaching","name":"Career Coaching - Lucero Wellbeing","isPartOf":{"@id":"https:\/\/lucerowellbeing.com\/#website"},"primaryImageOfPage":{"@id":"https:\/\/lucerowellbeing.com\/es\/services\/career-coaching#primaryimage"},"image":{"@id":"https:\/\/lucerowellbeing.com\/es\/services\/career-coaching#primaryimage"},"thumbnailUrl":"https:\/\/lucerowellbeing.com\/wp-content\/uploads\/2022\/06\/lucero-wellbeing-career-coaching.png","datePublished":"2022-06-10T15:40:50+00:00","dateModified":"2022-10-06T21:19:54+00:00","breadcrumb":{"@id":"https:\/\/lucerowellbeing.com\/es\/services\/career-coaching#breadcrumb"},"inLanguage":"es","potentialAction":[{"@type":"ReadAction","target":["https:\/\/lucerowellbeing.com\/es\/services\/career-coaching"]}]},{"@type":"ImageObject","inLanguage":"es","@id":"https:\/\/lucerowellbeing.com\/es\/services\/career-coaching#primaryimage","url":"https:\/\/lucerowellbeing.com\/wp-content\/uploads\/2022\/06\/lucero-wellbeing-career-coaching.png","contentUrl":"https:\/\/lucerowellbeing.com\/wp-content\/uploads\/2022\/06\/lucero-wellbeing-career-coaching.png","width":455,"height":455,"caption":"Professional Coach"},{"@type":"BreadcrumbList","@id":"https:\/\/lucerowellbeing.com\/es\/services\/career-coaching#breadcrumb","itemListElement":[{"@type":"ListItem","position":1,"name":"Home","item":"https:\/\/lucerowellbeing.com\/es"},{"@type":"ListItem","position":2,"name":"Services","item":"https:\/\/lucerowellbeing.com\/es\/services"},{"@type":"ListItem","position":3,"name":"Career Coaching"}]},{"@type":"WebSite","@id":"https:\/\/lucerowellbeing.com\/#website","url":"https:\/\/lucerowellbeing.com\/","name":"Lucero Wellbeing","description":"","potentialAction":[{"@type":"SearchAction","target":{"@type":"EntryPoint","urlTemplate":"https:\/\/lucerowellbeing.com\/?s={search_term_string}"},"query-input":{"@type":"PropertyValueSpecification","valueRequired":true,"valueName":"search_term_string"}}],"inLanguage":"es"}]}},"_links":{"self":[{"href":"https:\/\/lucerowellbeing.com\/es\/wp-json\/wp\/v2\/pages\/402","targetHints":{"allow":["GET"]}}],"collection":[{"href":"https:\/\/lucerowellbeing.com\/es\/wp-json\/wp\/v2\/pages"}],"about":[{"href":"https:\/\/lucerowellbeing.com\/es\/wp-json\/wp\/v2\/types\/page"}],"author":[{"embeddable":true,"href":"https:\/\/lucerowellbeing.com\/es\/wp-json\/wp\/v2\/users\/2"}],"replies":[{"embeddable":true,"href":"https:\/\/lucerowellbeing.com\/es\/wp-json\/wp\/v2\/comments?post=402"}],"version-history":[{"count":12,"href":"https:\/\/lucerowellbeing.com\/es\/wp-json\/wp\/v2\/pages\/402\/revisions"}],"predecessor-version":[{"id":613,"href":"https:\/\/lucerowellbeing.com\/es\/wp-json\/wp\/v2\/pages\/402\/revisions\/613"}],"up":[{"embeddable":true,"href":"https:\/\/lucerowellbeing.com\/es\/wp-json\/wp\/v2\/pages\/396"}],"wp:featuredmedia":[{"embeddable":true,"href":"https:\/\/lucerowellbeing.com\/es\/wp-json\/wp\/v2\/media\/340"}],"wp:attachment":[{"href":"https:\/\/lucerowellbeing.com\/es\/wp-json\/wp\/v2\/media?parent=402"}],"curies":[{"name":"wp","href":"https:\/\/api.w.org\/{rel}","templated":true}]}}