{"id":405,"date":"2022-06-10T08:41:06","date_gmt":"2022-06-10T15:41:06","guid":{"rendered":"https:\/\/lucerowellbeing.com\/?page_id=405"},"modified":"2022-10-06T14:19:48","modified_gmt":"2022-10-06T21:19:48","slug":"assessments","status":"publish","type":"page","link":"https:\/\/lucerowellbeing.com\/es\/services\/assessments","title":{"rendered":"Assessments"},"content":{"rendered":"<div class=\"fusion-fullwidth fullwidth-box fusion-builder-row-1 fusion-flex-container nonhundred-percent-fullwidth non-hundred-percent-height-scrolling\" style=\"--awb-border-radius-top-left:0px;--awb-border-radius-top-right:0px;--awb-border-radius-bottom-right:0px;--awb-border-radius-bottom-left:0px;--awb-padding-top:70px;--awb-padding-bottom:75px;--awb-padding-top-medium:45px;--awb-padding-bottom-medium:50px;--awb-background-color:#fdfbf5;--awb-flex-wrap:wrap;\" ><div class=\"fusion-builder-row fusion-row fusion-flex-align-items-flex-start fusion-flex-justify-content-center fusion-flex-content-wrap\" style=\"max-width:1248px;margin-left: calc(-4% \/ 2 );margin-right: calc(-4% \/ 2 );\"><div class=\"fusion-layout-column fusion_builder_column fusion-builder-column-0 fusion_builder_column_2_3 2_3 fusion-flex-column fusion-animated\" style=\"--awb-bg-size:cover;--awb-width-large:66.666666666667%;--awb-margin-top-large:0px;--awb-spacing-right-large:2.88%;--awb-margin-bottom-large:20px;--awb-spacing-left-large:2.88%;--awb-width-medium:100%;--awb-order-medium:0;--awb-spacing-right-medium:1.92%;--awb-spacing-left-medium:1.92%;--awb-width-small:100%;--awb-order-small:0;--awb-spacing-right-small:1.92%;--awb-spacing-left-small:1.92%;\" data-animationType=\"fadeInLeft\" data-animationDuration=\"2.0\" data-animationOffset=\"top-into-view\"><div class=\"fusion-column-wrapper fusion-column-has-shadow fusion-flex-justify-content-flex-start fusion-content-layout-column\"><div class=\"fusion-title title fusion-title-1 fusion-sep-none fusion-title-text fusion-title-size-one\" style=\"--awb-margin-bottom:0px;--awb-margin-top-small:0px;--awb-margin-right-small:0px;--awb-margin-bottom-small:0px;--awb-margin-left-small:0px;--awb-font-size:65px;\"><h1 class=\"fusion-title-heading title-heading-left md-text-align-center sm-text-align-center fusion-responsive-typography-calculated\" style=\"margin:0;font-size:1em;--fontSize:65;line-height:1;\">Evaluaciones<\/h1><\/div><div class=\"fusion-title title fusion-title-2 fusion-sep-none fusion-title-text fusion-title-size-three\" style=\"--awb-margin-top-small:0px;--awb-margin-right-small:0px;--awb-margin-bottom-small:15px;--awb-margin-left-small:0px;\"><h3 class=\"fusion-title-heading title-heading-left md-text-align-center sm-text-align-center fusion-responsive-typography-calculated\" style=\"font-family:&quot;Open Sans&quot;;font-style:normal;font-weight:400;margin:0;--fontSize:28;--minFontSize:28;line-height:1;\">Para Familias, Escuelas y Abogados<\/h3><\/div><div class=\"fusion-separator fusion-no-small-visibility fusion-no-medium-visibility\" style=\"align-self: flex-start;margin-right:auto;margin-top:5px;margin-bottom:15px;width:100%;max-width:180px;\"><div class=\"fusion-separator-border sep-single sep-solid\" style=\"--awb-height:20px;--awb-amount:20px;--awb-sep-color:#f9c313;border-color:#f9c313;border-top-width:3px;\"><\/div><\/div><div class=\"fusion-separator fusion-no-large-visibility\" style=\"align-self: center;margin-left: auto;margin-right: auto;margin-top:5px;margin-bottom:15px;width:100%;max-width:180px;\"><div class=\"fusion-separator-border sep-single sep-solid\" style=\"--awb-height:20px;--awb-amount:20px;--awb-sep-color:#f9c313;border-color:#f9c313;border-top-width:3px;\"><\/div><\/div><div class=\"fusion-text fusion-text-1 md-text-align-center sm-text-align-center\" style=\"--awb-font-size:20px;--awb-text-font-family:&quot;Open Sans&quot;;--awb-text-font-style:normal;--awb-text-font-weight:400;\"><p id=\"tw-target-text\" class=\"tw-data-text tw-text-large tw-ta\" dir=\"ltr\" data-placeholder=\"Translation\"><span style=\"font-weight: 400;\">Las evaluaciones psicol\u00f3gicas, neuropsicol\u00f3gicas<\/span><span style=\"font-weight: 400;\">\u00a0y de custodia <\/span><span style=\"font-weight: 400;\">para menores <\/span><span style=\"font-weight: 400;\">son herramientas \u00fatiles para que las personas y los abogados las <\/span><span style=\"font-weight: 400;\">tomen en consideraci\u00f3n<\/span><span style=\"font-weight: 400;\">.\u00a0 Como psic\u00f3logos, realizamos evaluaciones para determinar el funcionamiento cognitivo <\/span><span style=\"font-weight: 400;\">e<\/span><span style=\"font-weight: 400;\"> intelectual. <\/span><span style=\"font-weight: 400;\">Identificamos problemas de aprendizaje, limites cognitivos, y desarrollamos planes de tratamiento y recomendaciones. Llevamos a cabo evaluaciones de custodia de menores que prov\u00e9n informaci\u00f3n para los casos de derecho de la familia. <\/span><span style=\"font-weight: 400;\">\u00a0Si <\/span><span style=\"font-weight: 400;\">usted<\/span><span style=\"font-weight: 400;\"> es un padre preocupado o un abogado en <\/span><span style=\"font-weight: 400;\">litigando<\/span><span style=\"font-weight: 400;\"> en Nevada o California, cont\u00e1ctenos hoy para ver c\u00f3mo nuestros servicios de evaluaci\u00f3n pueden ayudarlo.<\/span><\/p>\n<\/div><div class=\"md-text-align-center sm-text-align-center\"><a class=\"fusion-button button-flat fusion-button-default-size button-default fusion-button-default button-1 fusion-button-default-span fusion-button-default-type\" style=\"--button_margin-top:10px;\" target=\"_self\" href=\"https:\/\/lucerowellbeing.com\/contact\"><span class=\"fusion-button-text awb-button__text awb-button__text--default\">Cont\u00e1ctenos<\/span><\/a><\/div><\/div><\/div><div class=\"fusion-layout-column fusion_builder_column fusion-builder-column-1 fusion_builder_column_1_3 1_3 fusion-flex-column fusion-animated subpage_sidebar\" style=\"--awb-padding-left:30px;--awb-padding-top-medium:20px;--awb-padding-left-medium:0px;--awb-bg-size:cover;--awb-border-color:#ede8da;--awb-border-left:2px;--awb-border-style:solid;--awb-width-large:33.333333333333%;--awb-margin-top-large:0px;--awb-spacing-right-large:5.76%;--awb-margin-bottom-large:20px;--awb-spacing-left-large:5.76%;--awb-width-medium:100%;--awb-order-medium:0;--awb-spacing-right-medium:1.92%;--awb-spacing-left-medium:1.92%;--awb-width-small:100%;--awb-order-small:0;--awb-spacing-right-small:1.92%;--awb-spacing-left-small:1.92%;\" data-animationType=\"fadeInRight\" data-animationDuration=\"2.0\" data-animationOffset=\"top-into-view\" id=\"contact_link\"><div class=\"fusion-column-wrapper fusion-column-has-shadow fusion-flex-justify-content-flex-start fusion-content-layout-column\"><div class=\"fusion-image-element md-text-align-center sm-text-align-center\" style=\"--awb-margin-bottom:24px;--awb-margin-bottom-small:24px;--awb-max-width:290px;--awb-caption-title-font-family:var(--h2_typography-font-family);--awb-caption-title-font-weight:var(--h2_typography-font-weight);--awb-caption-title-font-style:var(--h2_typography-font-style);--awb-caption-title-size:var(--h2_typography-font-size);--awb-caption-title-transform:var(--h2_typography-text-transform);--awb-caption-title-line-height:var(--h2_typography-line-height);--awb-caption-title-letter-spacing:var(--h2_typography-letter-spacing);\"><span class=\" fusion-imageframe imageframe-none imageframe-1 hover-type-none\"><img decoding=\"async\" width=\"580\" height=\"188\" alt=\"Lucero Wellbeing Logo\" title=\"sticky logo 580 2\" src=\"https:\/\/lucerowellbeing.com\/wp-content\/uploads\/2022\/06\/sticky-logo-580-2.png\" class=\"img-responsive wp-image-349\" srcset=\"https:\/\/lucerowellbeing.com\/wp-content\/uploads\/2022\/06\/sticky-logo-580-2-200x65.png 200w, https:\/\/lucerowellbeing.com\/wp-content\/uploads\/2022\/06\/sticky-logo-580-2-400x130.png 400w, https:\/\/lucerowellbeing.com\/wp-content\/uploads\/2022\/06\/sticky-logo-580-2.png 580w\" sizes=\"(max-width: 900px) 100vw, (max-width: 900px) 100vw, 400px\" \/><\/span><\/div><div class=\"fusion-title title fusion-title-3 fusion-sep-none fusion-title-text fusion-title-size-four\" style=\"--awb-margin-bottom:8px;--awb-margin-top-small:0px;--awb-margin-right-small:0px;--awb-margin-bottom-small:8px;--awb-margin-left-small:0px;\"><h4 class=\"fusion-title-heading title-heading-left md-text-align-center sm-text-align-center fusion-responsive-typography-calculated\" style=\"margin:0;--fontSize:35;line-height:1;\">Contacto<\/h4><\/div><div class=\"fusion-text fusion-text-2 md-text-align-center sm-text-align-center fusion-text-no-margin\" style=\"--awb-margin-bottom:8px;\"><p>10161 W Park Run Dr Ste 150<br \/>\nLas Vegas, NV 89145<\/p>\n<\/div><div class=\"fusion-text fusion-text-3 md-text-align-center sm-text-align-center fusion-text-no-margin\" style=\"--awb-margin-bottom:8px;\"><p><span class=\"sidebar_email\"><a href=\"javascript:secureDecryptAndNavigate('PbtsfSs9ONSe040tKhfKTanrPDpQBh1uZrTW5KTFs0zlbmBA\/wYs2SI88ep46o\/WuaI0mdVdNYMprpW+Y6cWBfpVIfP3lECWmkKV6UNtT\/H93xCRIWY=', '7aca9d7077ee2fa8d8c58fbdce3c74b3b628862f1448dc558a0135ea8556e45d')\">d&#114;&#108;&#117;&#122;r&#111;&#98;l&#101;&#115;&#64;&#108;uc&#101;r&#111;we&#108;&#108;&#98;&#101;&#105;&#110;&#103;&#46;&#99;o&#109;<\/a><\/span><br \/>\n<a href=\"tel:2132593404\">(213) 259-3404<\/a><\/p>\n<\/div><div class=\"fusion-social-links fusion-social-links-1\" style=\"--awb-margin-top:15px;--awb-margin-right:0px;--awb-margin-bottom:15px;--awb-margin-left:0px;--awb-box-border-top:0px;--awb-box-border-right:0px;--awb-box-border-bottom:0px;--awb-box-border-left:0px;--awb-icon-colors-hover:rgba(190,189,189,0.8);--awb-box-colors-hover:rgba(232,232,232,0.8);--awb-box-border-color:var(--awb-color3);--awb-box-border-color-hover:var(--awb-color4);\"><div class=\"fusion-social-networks color-type-custom\"><div class=\"fusion-social-networks-wrapper\"><a class=\"fusion-social-network-icon fusion-tooltip fusion-facebook awb-icon-facebook\" style=\"color:#bebdbd;font-size:16px;\" data-placement=\"top\" data-title=\"Facebook\" data-toggle=\"tooltip\" title=\"Facebook\" aria-label=\"facebook\" target=\"_blank\" rel=\"noopener noreferrer\" href=\"https:\/\/www.facebook.com\/lucerowellbeing\/\"><\/a><a class=\"fusion-social-network-icon fusion-tooltip fusion-instagram awb-icon-instagram\" style=\"color:#bebdbd;font-size:16px;\" data-placement=\"top\" data-title=\"Instagram\" data-toggle=\"tooltip\" title=\"Instagram\" aria-label=\"instagram\" target=\"_blank\" rel=\"noopener noreferrer\" href=\"https:\/\/www.instagram.com\/lucerowellbeing\/\"><\/a><a class=\"fusion-social-network-icon fusion-tooltip fusion-linkedin awb-icon-linkedin\" style=\"color:#bebdbd;font-size:16px;\" data-placement=\"top\" data-title=\"LinkedIn\" data-toggle=\"tooltip\" title=\"LinkedIn\" aria-label=\"linkedin\" target=\"_blank\" rel=\"noopener noreferrer\" href=\"https:\/\/www.linkedin.com\/company\/lucero-wellbeing\/\"><\/a><\/div><\/div><\/div><\/div><\/div><\/div><\/div>\n","protected":false},"excerpt":{"rendered":"","protected":false},"author":2,"featured_media":341,"parent":396,"menu_order":0,"comment_status":"closed","ping_status":"closed","template":"100-width.php","meta":{"footnotes":""},"class_list":["post-405","page","type-page","status-publish","has-post-thumbnail","hentry"],"yoast_head":"<!-- This site is optimized with the Yoast SEO plugin v27.1.1 - https:\/\/yoast.com\/product\/yoast-seo-wordpress\/ -->\n<title>Assessments - Lucero Wellbeing<\/title>\n<meta name=\"robots\" content=\"index, follow, max-snippet:-1, max-image-preview:large, max-video-preview:-1\" \/>\n<link rel=\"canonical\" href=\"https:\/\/lucerowellbeing.com\/es\/services\/assessments\" \/>\n<meta property=\"og:locale\" content=\"es_ES\" \/>\n<meta property=\"og:type\" content=\"article\" \/>\n<meta property=\"og:title\" content=\"Assessments - Lucero Wellbeing\" \/>\n<meta property=\"og:url\" content=\"https:\/\/lucerowellbeing.com\/es\/services\/assessments\" \/>\n<meta property=\"og:site_name\" content=\"Lucero Wellbeing\" \/>\n<meta property=\"article:modified_time\" content=\"2022-10-06T21:19:48+00:00\" \/>\n<meta property=\"og:image\" content=\"https:\/\/lucerowellbeing.com\/wp-content\/uploads\/2022\/06\/lucero-wellbeing-assessments.png\" \/>\n\t<meta property=\"og:image:width\" content=\"650\" \/>\n\t<meta property=\"og:image:height\" content=\"650\" \/>\n\t<meta property=\"og:image:type\" content=\"image\/png\" \/>\n<meta name=\"twitter:card\" content=\"summary_large_image\" \/>\n<meta name=\"twitter:label1\" content=\"Tiempo de lectura\" \/>\n\t<meta name=\"twitter:data1\" content=\"5 minutos\" \/>\n<script type=\"application\/ld+json\" class=\"yoast-schema-graph\">{\"@context\":\"https:\/\/schema.org\",\"@graph\":[{\"@type\":\"WebPage\",\"@id\":\"https:\/\/lucerowellbeing.com\/es\/services\/assessments\",\"url\":\"https:\/\/lucerowellbeing.com\/es\/services\/assessments\",\"name\":\"Assessments - Lucero Wellbeing\",\"isPartOf\":{\"@id\":\"https:\/\/lucerowellbeing.com\/#website\"},\"primaryImageOfPage\":{\"@id\":\"https:\/\/lucerowellbeing.com\/es\/services\/assessments#primaryimage\"},\"image\":{\"@id\":\"https:\/\/lucerowellbeing.com\/es\/services\/assessments#primaryimage\"},\"thumbnailUrl\":\"https:\/\/lucerowellbeing.com\/wp-content\/uploads\/2022\/06\/lucero-wellbeing-assessments.png\",\"datePublished\":\"2022-06-10T15:41:06+00:00\",\"dateModified\":\"2022-10-06T21:19:48+00:00\",\"breadcrumb\":{\"@id\":\"https:\/\/lucerowellbeing.com\/es\/services\/assessments#breadcrumb\"},\"inLanguage\":\"es\",\"potentialAction\":[{\"@type\":\"ReadAction\",\"target\":[\"https:\/\/lucerowellbeing.com\/es\/services\/assessments\"]}]},{\"@type\":\"ImageObject\",\"inLanguage\":\"es\",\"@id\":\"https:\/\/lucerowellbeing.com\/es\/services\/assessments#primaryimage\",\"url\":\"https:\/\/lucerowellbeing.com\/wp-content\/uploads\/2022\/06\/lucero-wellbeing-assessments.png\",\"contentUrl\":\"https:\/\/lucerowellbeing.com\/wp-content\/uploads\/2022\/06\/lucero-wellbeing-assessments.png\",\"width\":650,\"height\":650,\"caption\":\"Therapist\"},{\"@type\":\"BreadcrumbList\",\"@id\":\"https:\/\/lucerowellbeing.com\/es\/services\/assessments#breadcrumb\",\"itemListElement\":[{\"@type\":\"ListItem\",\"position\":1,\"name\":\"Home\",\"item\":\"https:\/\/lucerowellbeing.com\/es\"},{\"@type\":\"ListItem\",\"position\":2,\"name\":\"Services\",\"item\":\"https:\/\/lucerowellbeing.com\/es\/services\"},{\"@type\":\"ListItem\",\"position\":3,\"name\":\"Assessments\"}]},{\"@type\":\"WebSite\",\"@id\":\"https:\/\/lucerowellbeing.com\/#website\",\"url\":\"https:\/\/lucerowellbeing.com\/\",\"name\":\"Lucero Wellbeing\",\"description\":\"\",\"potentialAction\":[{\"@type\":\"SearchAction\",\"target\":{\"@type\":\"EntryPoint\",\"urlTemplate\":\"https:\/\/lucerowellbeing.com\/?s={search_term_string}\"},\"query-input\":{\"@type\":\"PropertyValueSpecification\",\"valueRequired\":true,\"valueName\":\"search_term_string\"}}],\"inLanguage\":\"es\"}]}<\/script>\n<!-- \/ Yoast SEO plugin. -->","yoast_head_json":{"title":"Assessments - Lucero Wellbeing","robots":{"index":"index","follow":"follow","max-snippet":"max-snippet:-1","max-image-preview":"max-image-preview:large","max-video-preview":"max-video-preview:-1"},"canonical":"https:\/\/lucerowellbeing.com\/es\/services\/assessments","og_locale":"es_ES","og_type":"article","og_title":"Assessments - Lucero Wellbeing","og_url":"https:\/\/lucerowellbeing.com\/es\/services\/assessments","og_site_name":"Lucero Wellbeing","article_modified_time":"2022-10-06T21:19:48+00:00","og_image":[{"width":650,"height":650,"url":"https:\/\/lucerowellbeing.com\/wp-content\/uploads\/2022\/06\/lucero-wellbeing-assessments.png","type":"image\/png"}],"twitter_card":"summary_large_image","twitter_misc":{"Tiempo de lectura":"5 minutos"},"schema":{"@context":"https:\/\/schema.org","@graph":[{"@type":"WebPage","@id":"https:\/\/lucerowellbeing.com\/es\/services\/assessments","url":"https:\/\/lucerowellbeing.com\/es\/services\/assessments","name":"Assessments - Lucero Wellbeing","isPartOf":{"@id":"https:\/\/lucerowellbeing.com\/#website"},"primaryImageOfPage":{"@id":"https:\/\/lucerowellbeing.com\/es\/services\/assessments#primaryimage"},"image":{"@id":"https:\/\/lucerowellbeing.com\/es\/services\/assessments#primaryimage"},"thumbnailUrl":"https:\/\/lucerowellbeing.com\/wp-content\/uploads\/2022\/06\/lucero-wellbeing-assessments.png","datePublished":"2022-06-10T15:41:06+00:00","dateModified":"2022-10-06T21:19:48+00:00","breadcrumb":{"@id":"https:\/\/lucerowellbeing.com\/es\/services\/assessments#breadcrumb"},"inLanguage":"es","potentialAction":[{"@type":"ReadAction","target":["https:\/\/lucerowellbeing.com\/es\/services\/assessments"]}]},{"@type":"ImageObject","inLanguage":"es","@id":"https:\/\/lucerowellbeing.com\/es\/services\/assessments#primaryimage","url":"https:\/\/lucerowellbeing.com\/wp-content\/uploads\/2022\/06\/lucero-wellbeing-assessments.png","contentUrl":"https:\/\/lucerowellbeing.com\/wp-content\/uploads\/2022\/06\/lucero-wellbeing-assessments.png","width":650,"height":650,"caption":"Therapist"},{"@type":"BreadcrumbList","@id":"https:\/\/lucerowellbeing.com\/es\/services\/assessments#breadcrumb","itemListElement":[{"@type":"ListItem","position":1,"name":"Home","item":"https:\/\/lucerowellbeing.com\/es"},{"@type":"ListItem","position":2,"name":"Services","item":"https:\/\/lucerowellbeing.com\/es\/services"},{"@type":"ListItem","position":3,"name":"Assessments"}]},{"@type":"WebSite","@id":"https:\/\/lucerowellbeing.com\/#website","url":"https:\/\/lucerowellbeing.com\/","name":"Lucero Wellbeing","description":"","potentialAction":[{"@type":"SearchAction","target":{"@type":"EntryPoint","urlTemplate":"https:\/\/lucerowellbeing.com\/?s={search_term_string}"},"query-input":{"@type":"PropertyValueSpecification","valueRequired":true,"valueName":"search_term_string"}}],"inLanguage":"es"}]}},"_links":{"self":[{"href":"https:\/\/lucerowellbeing.com\/es\/wp-json\/wp\/v2\/pages\/405","targetHints":{"allow":["GET"]}}],"collection":[{"href":"https:\/\/lucerowellbeing.com\/es\/wp-json\/wp\/v2\/pages"}],"about":[{"href":"https:\/\/lucerowellbeing.com\/es\/wp-json\/wp\/v2\/types\/page"}],"author":[{"embeddable":true,"href":"https:\/\/lucerowellbeing.com\/es\/wp-json\/wp\/v2\/users\/2"}],"replies":[{"embeddable":true,"href":"https:\/\/lucerowellbeing.com\/es\/wp-json\/wp\/v2\/comments?post=405"}],"version-history":[{"count":9,"href":"https:\/\/lucerowellbeing.com\/es\/wp-json\/wp\/v2\/pages\/405\/revisions"}],"predecessor-version":[{"id":612,"href":"https:\/\/lucerowellbeing.com\/es\/wp-json\/wp\/v2\/pages\/405\/revisions\/612"}],"up":[{"embeddable":true,"href":"https:\/\/lucerowellbeing.com\/es\/wp-json\/wp\/v2\/pages\/396"}],"wp:featuredmedia":[{"embeddable":true,"href":"https:\/\/lucerowellbeing.com\/es\/wp-json\/wp\/v2\/media\/341"}],"wp:attachment":[{"href":"https:\/\/lucerowellbeing.com\/es\/wp-json\/wp\/v2\/media?parent=405"}],"curies":[{"name":"wp","href":"https:\/\/api.w.org\/{rel}","templated":true}]}}